{"id":3564,"date":"2023-12-07T23:40:29","date_gmt":"2023-12-07T22:40:29","guid":{"rendered":"https:\/\/www.mussty.at\/rezervasyon\/"},"modified":"2023-12-25T17:35:16","modified_gmt":"2023-12-25T16:35:16","slug":"rezervasyon","status":"publish","type":"page","link":"https:\/\/www.mussty.at\/tr\/rezervasyon\/","title":{"rendered":"Rezervasyon"},"content":{"rendered":"\t\t<div data-elementor-type=\"wp-page\" data-elementor-id=\"3564\" class=\"elementor elementor-3564 elementor-3214\" data-elementor-post-type=\"page\">\n\t\t\t\t\t\t\t\t\t<section class=\"elementor-section elementor-top-section elementor-element elementor-element-e11b805 elementor-section-boxed elementor-section-height-default elementor-section-height-default\" data-id=\"e11b805\" data-element_type=\"section\" data-settings=\"{&quot;ekit_has_onepagescroll_dot&quot;:&quot;yes&quot;}\">\n\t\t\t\t\t\t<div class=\"elementor-container elementor-column-gap-default\">\n\t\t\t\t\t<div class=\"elementor-column elementor-col-100 elementor-top-column elementor-element elementor-element-c1a0444\" data-id=\"c1a0444\" data-element_type=\"column\">\n\t\t\t<div class=\"elementor-widget-wrap elementor-element-populated\">\n\t\t\t\t\t\t\t\t<div class=\"elementor-element elementor-element-f5e9eed elementor-widget elementor-widget-heading\" data-id=\"f5e9eed\" data-element_type=\"widget\" data-settings=\"{&quot;ekit_we_effect_on&quot;:&quot;none&quot;}\" data-widget_type=\"heading.default\">\n\t\t\t\t<div class=\"elementor-widget-container\">\n\t\t\t<style>\/*! elementor - v3.18.0 - 20-12-2023 *\/\n.elementor-heading-title{padding:0;margin:0;line-height:1}.elementor-widget-heading .elementor-heading-title[class*=elementor-size-]>a{color:inherit;font-size:inherit;line-height:inherit}.elementor-widget-heading .elementor-heading-title.elementor-size-small{font-size:15px}.elementor-widget-heading .elementor-heading-title.elementor-size-medium{font-size:19px}.elementor-widget-heading .elementor-heading-title.elementor-size-large{font-size:29px}.elementor-widget-heading .elementor-heading-title.elementor-size-xl{font-size:39px}.elementor-widget-heading .elementor-heading-title.elementor-size-xxl{font-size:59px}<\/style><h2 class=\"elementor-heading-title elementor-size-default\">Rezervasyon<\/h2>\t\t<\/div>\n\t\t\t\t<\/div>\n\t\t\t\t<div class=\"elementor-element elementor-element-946f728 elementor-widget elementor-widget-text-editor\" data-id=\"946f728\" data-element_type=\"widget\" data-settings=\"{&quot;ekit_we_effect_on&quot;:&quot;none&quot;}\" data-widget_type=\"text-editor.default\">\n\t\t\t\t<div class=\"elementor-widget-container\">\n\t\t\t<style>\/*! elementor - v3.18.0 - 20-12-2023 *\/\n.elementor-widget-text-editor.elementor-drop-cap-view-stacked .elementor-drop-cap{background-color:#69727d;color:#fff}.elementor-widget-text-editor.elementor-drop-cap-view-framed .elementor-drop-cap{color:#69727d;border:3px solid;background-color:transparent}.elementor-widget-text-editor:not(.elementor-drop-cap-view-default) .elementor-drop-cap{margin-top:8px}.elementor-widget-text-editor:not(.elementor-drop-cap-view-default) .elementor-drop-cap-letter{width:1em;height:1em}.elementor-widget-text-editor .elementor-drop-cap{float:left;text-align:center;line-height:1;font-size:50px}.elementor-widget-text-editor .elementor-drop-cap-letter{display:inline-block}<\/style>\t\t\t\t<div class=\"flex flex-grow flex-col max-w-full\">\n<div class=\"min-h-[20px] text-message flex flex-col items-start gap-3 whitespace-pre-wrap break-words [.text-message+&amp;]:mt-5 overflow-x-auto\" data-message-author-role=\"assistant\" data-message-id=\"e75bdd3b-ad84-4011-9f3f-e249dbc7e352\">\n<div class=\"markdown prose w-full break-words dark:prose-invert light\">\n<p>\u0130\u015f toplant\u0131n\u0131za, do\u011fum g\u00fcn\u00fcn\u00fcze veya d\u00fc\u011f\u00fcn g\u00fcn\u00fcn\u00fcze unutulmaz bir mutfak dokunu\u015fu ekleyin.  <br \/>Samimi \u00f6zel restoran\u0131m\u0131zda unutulmaz kutlamalar ya\u015fay\u0131n!<\/p>\n<p>Sizi s\u0131cak bir \u015fekilde kar\u015f\u0131l\u0131yoruz!<\/p>\n<\/div>\n<\/div>\n<\/div>\n\t\t\t\t\t\t<\/div>\n\t\t\t\t<\/div>\n\t\t\t\t<div class=\"elementor-element elementor-element-4518e09 elementor-widget elementor-widget-text-editor\" data-id=\"4518e09\" data-element_type=\"widget\" data-settings=\"{&quot;ekit_we_effect_on&quot;:&quot;none&quot;}\" data-widget_type=\"text-editor.default\">\n\t\t\t\t<div class=\"elementor-widget-container\">\n\t\t\t\t\t\t\t<p><iframe id=\"fred\" title=\"Rezervasyon \/ Booking\" src=\"https:\/\/mussty.menulogy.at\/reservation\/5\/0\" width=\"100%\" height=\"1200\" frameborder=\"0\" scrolling=\"auto\"><\/iframe><\/p>\n\t\t\t\t\t\t<\/div>\n\t\t\t\t<\/div>\n\t\t\t\t\t<\/div>\n\t\t<\/div>\n\t\t\t\t\t\t\t<\/div>\n\t\t<\/section>\n\t\t\t\t\t\t\t<\/div>\n\t\t","protected":false},"excerpt":{"rendered":"<p>Rezervasyon \u0130\u015f toplant\u0131n\u0131za, do\u011fum g\u00fcn\u00fcn\u00fcze veya d\u00fc\u011f\u00fcn g\u00fcn\u00fcn\u00fcze unutulmaz bir mutfak dokunu\u015fu ekleyin. Samimi \u00f6zel restoran\u0131m\u0131zda unutulmaz kutlamalar ya\u015fay\u0131n! Sizi s\u0131cak bir \u015fekilde kar\u015f\u0131l\u0131yoruz!<\/p>\n","protected":false},"author":3,"featured_media":0,"parent":0,"menu_order":0,"comment_status":"closed","ping_status":"closed","template":"","meta":{"footnotes":""},"class_list":["post-3564","page","type-page","status-publish","hentry"],"yoast_head":"<!-- This site is optimized with the Yoast SEO plugin v21.7 - https:\/\/yoast.com\/wordpress\/plugins\/seo\/ -->\n<title>Rezervasyon - Mussty - Food Point<\/title>\n<meta name=\"robots\" content=\"index, follow, max-snippet:-1, max-image-preview:large, max-video-preview:-1\" \/>\n<link rel=\"canonical\" href=\"https:\/\/www.mussty.at\/tr\/rezervasyon\/\" \/>\n<meta property=\"og:locale\" content=\"tr_TR\" \/>\n<meta property=\"og:type\" content=\"article\" \/>\n<meta property=\"og:title\" content=\"Rezervasyon - Mussty - Food Point\" \/>\n<meta property=\"og:description\" content=\"Rezervasyon \u0130\u015f toplant\u0131n\u0131za, do\u011fum g\u00fcn\u00fcn\u00fcze veya d\u00fc\u011f\u00fcn g\u00fcn\u00fcn\u00fcze unutulmaz bir mutfak dokunu\u015fu ekleyin. Samimi \u00f6zel restoran\u0131m\u0131zda unutulmaz kutlamalar ya\u015fay\u0131n! Sizi s\u0131cak bir \u015fekilde kar\u015f\u0131l\u0131yoruz!\" \/>\n<meta property=\"og:url\" content=\"https:\/\/www.mussty.at\/tr\/rezervasyon\/\" \/>\n<meta property=\"og:site_name\" content=\"Mussty - Food Point\" \/>\n<meta property=\"article:modified_time\" content=\"2023-12-25T16:35:16+00:00\" \/>\n<meta name=\"twitter:card\" content=\"summary_large_image\" \/>\n<script type=\"application\/ld+json\" class=\"yoast-schema-graph\">{\"@context\":\"https:\/\/schema.org\",\"@graph\":[{\"@type\":\"WebPage\",\"@id\":\"https:\/\/www.mussty.at\/tr\/rezervasyon\/\",\"url\":\"https:\/\/www.mussty.at\/tr\/rezervasyon\/\",\"name\":\"Rezervasyon - Mussty - Food Point\",\"isPartOf\":{\"@id\":\"https:\/\/www.mussty.at\/tr\/#website\"},\"datePublished\":\"2023-12-07T22:40:29+00:00\",\"dateModified\":\"2023-12-25T16:35:16+00:00\",\"breadcrumb\":{\"@id\":\"https:\/\/www.mussty.at\/tr\/rezervasyon\/#breadcrumb\"},\"inLanguage\":\"tr\",\"potentialAction\":[{\"@type\":\"ReadAction\",\"target\":[\"https:\/\/www.mussty.at\/tr\/rezervasyon\/\"]}]},{\"@type\":\"BreadcrumbList\",\"@id\":\"https:\/\/www.mussty.at\/tr\/rezervasyon\/#breadcrumb\",\"itemListElement\":[{\"@type\":\"ListItem\",\"position\":1,\"name\":\"Startseite\",\"item\":\"https:\/\/www.mussty.at\/tr\/ana-sayfa\/\"},{\"@type\":\"ListItem\",\"position\":2,\"name\":\"Rezervasyon\"}]},{\"@type\":\"WebSite\",\"@id\":\"https:\/\/www.mussty.at\/tr\/#website\",\"url\":\"https:\/\/www.mussty.at\/tr\/\",\"name\":\"Mussty - Food Point\",\"description\":\"Entdecke k\u00f6stliche D\u00f6ner, Pizza, Pasta und Burger.\",\"publisher\":{\"@id\":\"https:\/\/www.mussty.at\/tr\/#organization\"},\"potentialAction\":[{\"@type\":\"SearchAction\",\"target\":{\"@type\":\"EntryPoint\",\"urlTemplate\":\"https:\/\/www.mussty.at\/tr\/?s={search_term_string}\"},\"query-input\":\"required name=search_term_string\"}],\"inLanguage\":\"tr\"},{\"@type\":\"Organization\",\"@id\":\"https:\/\/www.mussty.at\/tr\/#organization\",\"name\":\"Mussty - Food Point\",\"url\":\"https:\/\/www.mussty.at\/tr\/\",\"logo\":{\"@type\":\"ImageObject\",\"inLanguage\":\"tr\",\"@id\":\"https:\/\/www.mussty.at\/tr\/#\/schema\/logo\/image\/\",\"url\":\"https:\/\/www.mussty.at\/wp-content\/uploads\/2023\/12\/Weiss-mussty-food-point-logo.png\",\"contentUrl\":\"https:\/\/www.mussty.at\/wp-content\/uploads\/2023\/12\/Weiss-mussty-food-point-logo.png\",\"width\":1164,\"height\":1197,\"caption\":\"Mussty - Food Point\"},\"image\":{\"@id\":\"https:\/\/www.mussty.at\/tr\/#\/schema\/logo\/image\/\"}}]}<\/script>\n<!-- \/ Yoast SEO plugin. -->","yoast_head_json":{"title":"Rezervasyon - Mussty - Food Point","robots":{"index":"index","follow":"follow","max-snippet":"max-snippet:-1","max-image-preview":"max-image-preview:large","max-video-preview":"max-video-preview:-1"},"canonical":"https:\/\/www.mussty.at\/tr\/rezervasyon\/","og_locale":"tr_TR","og_type":"article","og_title":"Rezervasyon - Mussty - Food Point","og_description":"Rezervasyon \u0130\u015f toplant\u0131n\u0131za, do\u011fum g\u00fcn\u00fcn\u00fcze veya d\u00fc\u011f\u00fcn g\u00fcn\u00fcn\u00fcze unutulmaz bir mutfak dokunu\u015fu ekleyin. Samimi \u00f6zel restoran\u0131m\u0131zda unutulmaz kutlamalar ya\u015fay\u0131n! Sizi s\u0131cak bir \u015fekilde kar\u015f\u0131l\u0131yoruz!","og_url":"https:\/\/www.mussty.at\/tr\/rezervasyon\/","og_site_name":"Mussty - Food Point","article_modified_time":"2023-12-25T16:35:16+00:00","twitter_card":"summary_large_image","schema":{"@context":"https:\/\/schema.org","@graph":[{"@type":"WebPage","@id":"https:\/\/www.mussty.at\/tr\/rezervasyon\/","url":"https:\/\/www.mussty.at\/tr\/rezervasyon\/","name":"Rezervasyon - Mussty - Food Point","isPartOf":{"@id":"https:\/\/www.mussty.at\/tr\/#website"},"datePublished":"2023-12-07T22:40:29+00:00","dateModified":"2023-12-25T16:35:16+00:00","breadcrumb":{"@id":"https:\/\/www.mussty.at\/tr\/rezervasyon\/#breadcrumb"},"inLanguage":"tr","potentialAction":[{"@type":"ReadAction","target":["https:\/\/www.mussty.at\/tr\/rezervasyon\/"]}]},{"@type":"BreadcrumbList","@id":"https:\/\/www.mussty.at\/tr\/rezervasyon\/#breadcrumb","itemListElement":[{"@type":"ListItem","position":1,"name":"Startseite","item":"https:\/\/www.mussty.at\/tr\/ana-sayfa\/"},{"@type":"ListItem","position":2,"name":"Rezervasyon"}]},{"@type":"WebSite","@id":"https:\/\/www.mussty.at\/tr\/#website","url":"https:\/\/www.mussty.at\/tr\/","name":"Mussty - Food Point","description":"Entdecke k\u00f6stliche D\u00f6ner, Pizza, Pasta und Burger.","publisher":{"@id":"https:\/\/www.mussty.at\/tr\/#organization"},"potentialAction":[{"@type":"SearchAction","target":{"@type":"EntryPoint","urlTemplate":"https:\/\/www.mussty.at\/tr\/?s={search_term_string}"},"query-input":"required name=search_term_string"}],"inLanguage":"tr"},{"@type":"Organization","@id":"https:\/\/www.mussty.at\/tr\/#organization","name":"Mussty - Food Point","url":"https:\/\/www.mussty.at\/tr\/","logo":{"@type":"ImageObject","inLanguage":"tr","@id":"https:\/\/www.mussty.at\/tr\/#\/schema\/logo\/image\/","url":"https:\/\/www.mussty.at\/wp-content\/uploads\/2023\/12\/Weiss-mussty-food-point-logo.png","contentUrl":"https:\/\/www.mussty.at\/wp-content\/uploads\/2023\/12\/Weiss-mussty-food-point-logo.png","width":1164,"height":1197,"caption":"Mussty - Food Point"},"image":{"@id":"https:\/\/www.mussty.at\/tr\/#\/schema\/logo\/image\/"}}]}},"_links":{"self":[{"href":"https:\/\/www.mussty.at\/tr\/wp-json\/wp\/v2\/pages\/3564","targetHints":{"allow":["GET"]}}],"collection":[{"href":"https:\/\/www.mussty.at\/tr\/wp-json\/wp\/v2\/pages"}],"about":[{"href":"https:\/\/www.mussty.at\/tr\/wp-json\/wp\/v2\/types\/page"}],"author":[{"embeddable":true,"href":"https:\/\/www.mussty.at\/tr\/wp-json\/wp\/v2\/users\/3"}],"replies":[{"embeddable":true,"href":"https:\/\/www.mussty.at\/tr\/wp-json\/wp\/v2\/comments?post=3564"}],"version-history":[{"count":0,"href":"https:\/\/www.mussty.at\/tr\/wp-json\/wp\/v2\/pages\/3564\/revisions"}],"wp:attachment":[{"href":"https:\/\/www.mussty.at\/tr\/wp-json\/wp\/v2\/media?parent=3564"}],"curies":[{"name":"wp","href":"https:\/\/api.w.org\/{rel}","templated":true}]}}