{"id":3576,"date":"2022-04-19T20:58:51","date_gmt":"2022-04-19T19:58:51","guid":{"rendered":"https:\/\/www.mussty.at\/kuenye\/"},"modified":"2023-12-25T17:37:38","modified_gmt":"2023-12-25T16:37:38","slug":"kuenye","status":"publish","type":"page","link":"https:\/\/www.mussty.at\/tr\/kuenye\/","title":{"rendered":"K\u00fcnye"},"content":{"rendered":"\t\t<div data-elementor-type=\"wp-page\" data-elementor-id=\"3576\" class=\"elementor elementor-3576 elementor-608\" data-elementor-post-type=\"page\">\n\t\t\t\t\t\t\t\t\t<section class=\"elementor-section elementor-top-section elementor-element elementor-element-b5a725e elementor-section-full_width elementor-section-height-min-height elementor-section-height-default elementor-section-items-middle\" data-id=\"b5a725e\" data-element_type=\"section\" data-settings=\"{&quot;background_background&quot;:&quot;classic&quot;,&quot;ekit_has_onepagescroll_dot&quot;:&quot;yes&quot;}\">\n\t\t\t\t\t\t<div class=\"elementor-container elementor-column-gap-no\">\n\t\t\t\t\t<div class=\"elementor-column elementor-col-100 elementor-top-column elementor-element elementor-element-facccd5\" data-id=\"facccd5\" data-element_type=\"column\">\n\t\t\t<div class=\"elementor-widget-wrap elementor-element-populated\">\n\t\t\t\t\t\t\t\t<div class=\"elementor-element elementor-element-2f778ca elementor-widget elementor-widget-heading\" data-id=\"2f778ca\" data-element_type=\"widget\" data-settings=\"{&quot;ekit_we_effect_on&quot;:&quot;none&quot;}\" data-widget_type=\"heading.default\">\n\t\t\t\t<div class=\"elementor-widget-container\">\n\t\t\t<style>\/*! elementor - v3.18.0 - 20-12-2023 *\/\n.elementor-heading-title{padding:0;margin:0;line-height:1}.elementor-widget-heading .elementor-heading-title[class*=elementor-size-]>a{color:inherit;font-size:inherit;line-height:inherit}.elementor-widget-heading .elementor-heading-title.elementor-size-small{font-size:15px}.elementor-widget-heading .elementor-heading-title.elementor-size-medium{font-size:19px}.elementor-widget-heading .elementor-heading-title.elementor-size-large{font-size:29px}.elementor-widget-heading .elementor-heading-title.elementor-size-xl{font-size:39px}.elementor-widget-heading .elementor-heading-title.elementor-size-xxl{font-size:59px}<\/style><h2 class=\"elementor-heading-title elementor-size-default\">K\u00fcnye<\/h2>\t\t<\/div>\n\t\t\t\t<\/div>\n\t\t\t\t\t<\/div>\n\t\t<\/div>\n\t\t\t\t\t\t\t<\/div>\n\t\t<\/section>\n\t\t\t\t<section class=\"elementor-section elementor-top-section elementor-element elementor-element-31f79114 elementor-section-boxed elementor-section-height-default elementor-section-height-default\" data-id=\"31f79114\" data-element_type=\"section\" data-settings=\"{&quot;background_background&quot;:&quot;classic&quot;,&quot;ekit_has_onepagescroll_dot&quot;:&quot;yes&quot;}\">\n\t\t\t\t\t\t<div class=\"elementor-container elementor-column-gap-default\">\n\t\t\t\t\t<div class=\"elementor-column elementor-col-100 elementor-top-column elementor-element elementor-element-4ddab92\" data-id=\"4ddab92\" data-element_type=\"column\">\n\t\t\t<div class=\"elementor-widget-wrap elementor-element-populated\">\n\t\t\t\t\t\t\t\t<div class=\"elementor-element elementor-element-db32120 elementor-widget elementor-widget-text-editor\" data-id=\"db32120\" data-element_type=\"widget\" data-settings=\"{&quot;ekit_we_effect_on&quot;:&quot;none&quot;}\" data-widget_type=\"text-editor.default\">\n\t\t\t\t<div class=\"elementor-widget-container\">\n\t\t\t<style>\/*! elementor - v3.18.0 - 20-12-2023 *\/\n.elementor-widget-text-editor.elementor-drop-cap-view-stacked .elementor-drop-cap{background-color:#69727d;color:#fff}.elementor-widget-text-editor.elementor-drop-cap-view-framed .elementor-drop-cap{color:#69727d;border:3px solid;background-color:transparent}.elementor-widget-text-editor:not(.elementor-drop-cap-view-default) .elementor-drop-cap{margin-top:8px}.elementor-widget-text-editor:not(.elementor-drop-cap-view-default) .elementor-drop-cap-letter{width:1em;height:1em}.elementor-widget-text-editor .elementor-drop-cap{float:left;text-align:center;line-height:1;font-size:50px}.elementor-widget-text-editor .elementor-drop-cap-letter{display:inline-block}<\/style>\t\t\t\t<p><span style=\"font-size: 14pt;\"> <strong>Mussty Food Point <\/p>\n<p> <span style=\"font-size: 12pt;\">\u015eirket ad\u0131:<\/span> Casalinga<\/strong>KG<strong><br \/> <span style=\"font-size: 12pt;\">\u015eirket adresi: <\/span><\/strong><span style=\"font-size: 12pt;\">B\u00fcrgergasse 20 1100 Viyana<strong><br \/>Tel:<\/strong>+43 1 92 02 565<strong><\/p>\n<p>\u015eube: <br \/>Mussty Food Point <br \/><\/strong><\/span><\/span><span style=\"font-size: 12pt;\"><strong>Adres<\/strong> Favoritenstra\u00dfe 133  <\/span>1100 Viyana<br \/><strong>Tel:<\/strong> +43 1 208 07 07<\/p>\n<p><strong>E-posta:<\/strong> office@mussty.at<br \/><strong>Web:<\/strong> www.mussty.at<\/p>\n<p>Web sitesinin i\u00e7eri\u011finden genel m\u00fcd\u00fcr sorumludur<\/p>\n<p><strong>Genel M\u00fcd\u00fcr:<\/strong> Mustafa Cubukcu<br \/><strong>KDV KI\u0307MLI\u0307\u011eI\u0307:<\/strong> ATU67843239<br \/><strong>\u015eirket kay\u0131t numaras\u0131:<\/strong> FN390302z<br \/>Viyana Ticaret Mahkemesi \/ Avusturya<\/p>\n<\/p>\n<p><strong>Teknik BT ve EDP deste\u011fi ve SEO arama motoru optimizasyonu:<\/strong><br \/><span style=\"color: #000000;\"><br \/>\n  <strong>Kodlogy Technologies GmbH<\/strong><br \/>\n<\/span> &#8211;<a title=\"Viyana Web Tasar\u0131m\" href=\"https:\/\/www.kodlogy.at\" target=\"_blank\" rel=\"noopener\"><br \/>\n  <span style=\"color: #ff9900;\"><br \/>\n    <span style=\"color: #ffcc00;\"><br \/>\n      <strong> Viyana Web Tasar\u0131mc\u0131s\u0131<\/strong><br \/>\n    <\/span><br \/>\n  <\/span><br \/>\n<\/a><\/p>\n<p><strong>Kullan\u0131lan foto\u011fraflar i\u00e7in lisanslar:<br \/><\/strong>Kodlogy <strong>Technologies GmbH <\/strong>a\u015fa\u011f\u0131daki platformlarda:<strong><br \/>\n  <br \/>\n<\/strong>Envato Elements, Freepik, Themeforest<strong><br \/><\/strong><\/p>\n<p><strong>Sorumluluk reddi:<\/strong><br \/>\u0130\u00e7eri\u011fin dikkatli bir \u015fekilde kontrol edilmesine ra\u011fmen, harici ba\u011flant\u0131lar\u0131n ve foto\u011fraflar\u0131n i\u00e7eri\u011fi i\u00e7in hi\u00e7bir sorumluluk kabul etmiyoruz. Ba\u011flant\u0131l\u0131 sayfalar\u0131n ve yay\u0131nlanan foto\u011fraflar\u0131n operat\u00f6rleri, i\u00e7eriklerinden yaln\u0131zca kendileri sorumludur. www.mussty.at alan ad\u0131, t\u00fcm alt alan adlar\u0131 dahil olmak \u00fczere, \u0130nternet&#8217;teki di\u011fer sayfalara ba\u011flant\u0131lar i\u00e7erir. Bu gibi durumlarda, Casalinga KG, www.mussty.at&#8217;un operat\u00f6r\u00fc olarak, ba\u011flant\u0131 verilen ve y\u00fcklenen sayfalar\u0131n ve foto\u011fraflar\u0131n tasar\u0131m\u0131 ve i\u00e7eri\u011fi \u00fczerinde hi\u00e7bir etkisi olmad\u0131\u011f\u0131n\u0131 a\u00e7\u0131k\u00e7a beyan eder. Bu nedenle www.mussty.at Casalinga KG, web sitesindeki t\u00fcm ba\u011flant\u0131l\u0131 sayfalar\u0131n ve yay\u0131nlanan foto\u011fraflar\u0131n t\u00fcm i\u00e7eri\u011fiyle aras\u0131na a\u00e7\u0131k\u00e7a mesafe koyar ve bu i\u00e7erikleri kendi i\u00e7eri\u011fi olarak benimsemez. Bu beyan, ba\u011flant\u0131lar\u0131n y\u00f6nlendirdi\u011fi t\u00fcm sayfalar i\u00e7in ge\u00e7erlidir.<\/p>\n\t\t\t\t\t\t<\/div>\n\t\t\t\t<\/div>\n\t\t\t\t\t<\/div>\n\t\t<\/div>\n\t\t\t\t\t\t\t<\/div>\n\t\t<\/section>\n\t\t\t\t\t\t\t<\/div>\n\t\t","protected":false},"excerpt":{"rendered":"<p>K\u00fcnye Mussty Food Point \u015eirket ad\u0131: CasalingaKG \u015eirket adresi: B\u00fcrgergasse 20 1100 ViyanaTel:+43 1 92 02 565 \u015eube: Mussty Food Point Adres Favoritenstra\u00dfe 133 1100 ViyanaTel: +43 1 208 07 07 E-posta: office@mussty.atWeb: www.mussty.at Web sitesinin i\u00e7eri\u011finden genel m\u00fcd\u00fcr sorumludur Genel M\u00fcd\u00fcr: Mustafa CubukcuKDV KI\u0307MLI\u0307\u011eI\u0307: ATU67843239\u015eirket kay\u0131t numaras\u0131: FN390302zViyana Ticaret Mahkemesi \/ Avusturya Teknik BT [&hellip;]<\/p>\n","protected":false},"author":2,"featured_media":0,"parent":0,"menu_order":0,"comment_status":"closed","ping_status":"closed","template":"","meta":{"footnotes":""},"class_list":["post-3576","page","type-page","status-publish","hentry"],"yoast_head":"<!-- This site is optimized with the Yoast SEO plugin v21.7 - https:\/\/yoast.com\/wordpress\/plugins\/seo\/ -->\n<title>K\u00fcnye - Mussty - Food Point<\/title>\n<meta name=\"robots\" content=\"index, follow, max-snippet:-1, max-image-preview:large, max-video-preview:-1\" \/>\n<link rel=\"canonical\" href=\"https:\/\/www.mussty.at\/tr\/kuenye\/\" \/>\n<meta property=\"og:locale\" content=\"tr_TR\" \/>\n<meta property=\"og:type\" content=\"article\" \/>\n<meta property=\"og:title\" content=\"K\u00fcnye - Mussty - Food Point\" \/>\n<meta property=\"og:description\" content=\"K\u00fcnye Mussty Food Point \u015eirket ad\u0131: CasalingaKG \u015eirket adresi: B\u00fcrgergasse 20 1100 ViyanaTel:+43 1 92 02 565 \u015eube: Mussty Food Point Adres Favoritenstra\u00dfe 133 1100 ViyanaTel: +43 1 208 07 07 E-posta: office@mussty.atWeb: www.mussty.at Web sitesinin i\u00e7eri\u011finden genel m\u00fcd\u00fcr sorumludur Genel M\u00fcd\u00fcr: Mustafa CubukcuKDV KI\u0307MLI\u0307\u011eI\u0307: ATU67843239\u015eirket kay\u0131t numaras\u0131: FN390302zViyana Ticaret Mahkemesi \/ Avusturya Teknik BT [&hellip;]\" \/>\n<meta property=\"og:url\" content=\"https:\/\/www.mussty.at\/tr\/kuenye\/\" \/>\n<meta property=\"og:site_name\" content=\"Mussty - Food Point\" \/>\n<meta property=\"article:modified_time\" content=\"2023-12-25T16:37:38+00:00\" \/>\n<meta name=\"twitter:card\" content=\"summary_large_image\" \/>\n<meta name=\"twitter:label1\" content=\"Tahmini okuma s\u00fcresi\" \/>\n\t<meta name=\"twitter:data1\" content=\"1 dakika\" \/>\n<script type=\"application\/ld+json\" class=\"yoast-schema-graph\">{\"@context\":\"https:\/\/schema.org\",\"@graph\":[{\"@type\":\"WebPage\",\"@id\":\"https:\/\/www.mussty.at\/tr\/kuenye\/\",\"url\":\"https:\/\/www.mussty.at\/tr\/kuenye\/\",\"name\":\"K\u00fcnye - Mussty - Food Point\",\"isPartOf\":{\"@id\":\"https:\/\/www.mussty.at\/tr\/#website\"},\"datePublished\":\"2022-04-19T19:58:51+00:00\",\"dateModified\":\"2023-12-25T16:37:38+00:00\",\"breadcrumb\":{\"@id\":\"https:\/\/www.mussty.at\/tr\/kuenye\/#breadcrumb\"},\"inLanguage\":\"tr\",\"potentialAction\":[{\"@type\":\"ReadAction\",\"target\":[\"https:\/\/www.mussty.at\/tr\/kuenye\/\"]}]},{\"@type\":\"BreadcrumbList\",\"@id\":\"https:\/\/www.mussty.at\/tr\/kuenye\/#breadcrumb\",\"itemListElement\":[{\"@type\":\"ListItem\",\"position\":1,\"name\":\"Startseite\",\"item\":\"https:\/\/www.mussty.at\/tr\/ana-sayfa\/\"},{\"@type\":\"ListItem\",\"position\":2,\"name\":\"K\u00fcnye\"}]},{\"@type\":\"WebSite\",\"@id\":\"https:\/\/www.mussty.at\/tr\/#website\",\"url\":\"https:\/\/www.mussty.at\/tr\/\",\"name\":\"Mussty - Food Point\",\"description\":\"Entdecke k\u00f6stliche D\u00f6ner, Pizza, Pasta und Burger.\",\"publisher\":{\"@id\":\"https:\/\/www.mussty.at\/tr\/#organization\"},\"potentialAction\":[{\"@type\":\"SearchAction\",\"target\":{\"@type\":\"EntryPoint\",\"urlTemplate\":\"https:\/\/www.mussty.at\/tr\/?s={search_term_string}\"},\"query-input\":\"required name=search_term_string\"}],\"inLanguage\":\"tr\"},{\"@type\":\"Organization\",\"@id\":\"https:\/\/www.mussty.at\/tr\/#organization\",\"name\":\"Mussty - Food Point\",\"url\":\"https:\/\/www.mussty.at\/tr\/\",\"logo\":{\"@type\":\"ImageObject\",\"inLanguage\":\"tr\",\"@id\":\"https:\/\/www.mussty.at\/tr\/#\/schema\/logo\/image\/\",\"url\":\"https:\/\/www.mussty.at\/wp-content\/uploads\/2023\/12\/Weiss-mussty-food-point-logo.png\",\"contentUrl\":\"https:\/\/www.mussty.at\/wp-content\/uploads\/2023\/12\/Weiss-mussty-food-point-logo.png\",\"width\":1164,\"height\":1197,\"caption\":\"Mussty - Food Point\"},\"image\":{\"@id\":\"https:\/\/www.mussty.at\/tr\/#\/schema\/logo\/image\/\"}}]}<\/script>\n<!-- \/ Yoast SEO plugin. -->","yoast_head_json":{"title":"K\u00fcnye - Mussty - Food Point","robots":{"index":"index","follow":"follow","max-snippet":"max-snippet:-1","max-image-preview":"max-image-preview:large","max-video-preview":"max-video-preview:-1"},"canonical":"https:\/\/www.mussty.at\/tr\/kuenye\/","og_locale":"tr_TR","og_type":"article","og_title":"K\u00fcnye - Mussty - Food Point","og_description":"K\u00fcnye Mussty Food Point \u015eirket ad\u0131: CasalingaKG \u015eirket adresi: B\u00fcrgergasse 20 1100 ViyanaTel:+43 1 92 02 565 \u015eube: Mussty Food Point Adres Favoritenstra\u00dfe 133 1100 ViyanaTel: +43 1 208 07 07 E-posta: office@mussty.atWeb: www.mussty.at Web sitesinin i\u00e7eri\u011finden genel m\u00fcd\u00fcr sorumludur Genel M\u00fcd\u00fcr: Mustafa CubukcuKDV KI\u0307MLI\u0307\u011eI\u0307: ATU67843239\u015eirket kay\u0131t numaras\u0131: FN390302zViyana Ticaret Mahkemesi \/ Avusturya Teknik BT [&hellip;]","og_url":"https:\/\/www.mussty.at\/tr\/kuenye\/","og_site_name":"Mussty - Food Point","article_modified_time":"2023-12-25T16:37:38+00:00","twitter_card":"summary_large_image","twitter_misc":{"Tahmini okuma s\u00fcresi":"1 dakika"},"schema":{"@context":"https:\/\/schema.org","@graph":[{"@type":"WebPage","@id":"https:\/\/www.mussty.at\/tr\/kuenye\/","url":"https:\/\/www.mussty.at\/tr\/kuenye\/","name":"K\u00fcnye - Mussty - Food Point","isPartOf":{"@id":"https:\/\/www.mussty.at\/tr\/#website"},"datePublished":"2022-04-19T19:58:51+00:00","dateModified":"2023-12-25T16:37:38+00:00","breadcrumb":{"@id":"https:\/\/www.mussty.at\/tr\/kuenye\/#breadcrumb"},"inLanguage":"tr","potentialAction":[{"@type":"ReadAction","target":["https:\/\/www.mussty.at\/tr\/kuenye\/"]}]},{"@type":"BreadcrumbList","@id":"https:\/\/www.mussty.at\/tr\/kuenye\/#breadcrumb","itemListElement":[{"@type":"ListItem","position":1,"name":"Startseite","item":"https:\/\/www.mussty.at\/tr\/ana-sayfa\/"},{"@type":"ListItem","position":2,"name":"K\u00fcnye"}]},{"@type":"WebSite","@id":"https:\/\/www.mussty.at\/tr\/#website","url":"https:\/\/www.mussty.at\/tr\/","name":"Mussty - Food Point","description":"Entdecke k\u00f6stliche D\u00f6ner, Pizza, Pasta und Burger.","publisher":{"@id":"https:\/\/www.mussty.at\/tr\/#organization"},"potentialAction":[{"@type":"SearchAction","target":{"@type":"EntryPoint","urlTemplate":"https:\/\/www.mussty.at\/tr\/?s={search_term_string}"},"query-input":"required name=search_term_string"}],"inLanguage":"tr"},{"@type":"Organization","@id":"https:\/\/www.mussty.at\/tr\/#organization","name":"Mussty - Food Point","url":"https:\/\/www.mussty.at\/tr\/","logo":{"@type":"ImageObject","inLanguage":"tr","@id":"https:\/\/www.mussty.at\/tr\/#\/schema\/logo\/image\/","url":"https:\/\/www.mussty.at\/wp-content\/uploads\/2023\/12\/Weiss-mussty-food-point-logo.png","contentUrl":"https:\/\/www.mussty.at\/wp-content\/uploads\/2023\/12\/Weiss-mussty-food-point-logo.png","width":1164,"height":1197,"caption":"Mussty - Food Point"},"image":{"@id":"https:\/\/www.mussty.at\/tr\/#\/schema\/logo\/image\/"}}]}},"_links":{"self":[{"href":"https:\/\/www.mussty.at\/tr\/wp-json\/wp\/v2\/pages\/3576","targetHints":{"allow":["GET"]}}],"collection":[{"href":"https:\/\/www.mussty.at\/tr\/wp-json\/wp\/v2\/pages"}],"about":[{"href":"https:\/\/www.mussty.at\/tr\/wp-json\/wp\/v2\/types\/page"}],"author":[{"embeddable":true,"href":"https:\/\/www.mussty.at\/tr\/wp-json\/wp\/v2\/users\/2"}],"replies":[{"embeddable":true,"href":"https:\/\/www.mussty.at\/tr\/wp-json\/wp\/v2\/comments?post=3576"}],"version-history":[{"count":0,"href":"https:\/\/www.mussty.at\/tr\/wp-json\/wp\/v2\/pages\/3576\/revisions"}],"wp:attachment":[{"href":"https:\/\/www.mussty.at\/tr\/wp-json\/wp\/v2\/media?parent=3576"}],"curies":[{"name":"wp","href":"https:\/\/api.w.org\/{rel}","templated":true}]}}